{"id":12,"date":"2016-01-28T23:06:24","date_gmt":"2016-01-28T22:06:24","guid":{"rendered":"http:\/\/pijalniakawy.pl\/?page_id=12"},"modified":"2023-06-12T23:04:35","modified_gmt":"2023-06-12T21:04:35","slug":"kontakt","status":"publish","type":"page","link":"http:\/\/pijalniakawy.pl\/index.php\/kontakt\/","title":{"rendered":"Kontakt"},"content":{"rendered":"<p>Sklep z kaw\u0105 &#8220;Po\u017cegnanie z Afryk\u0105&#8221;<\/p>\n<p>ul. Wary\u0144skiego 4, Bia\u0142ystok<\/p>\n<p>tel. 85-65-25-505<\/p>\n<p>e-mail: sklepzkawa.bialystok@wp.pl<\/p>\n<p>\u00a0<\/p>\n<p><a href=\"https:\/\/www.facebook.com\/pijalniakawy\">https:\/\/www.facebook.com\/pijalniakawy<\/a><\/p>\n<p><a href=\"https:\/\/www.instagram.com\/pijalniakawy\/\">https:\/\/www.instagram.com\/pijalniakawy\/<\/a><\/p>\n\n","protected":false},"excerpt":{"rendered":"<p>Sklep z kaw\u0105 &#8220;Po\u017cegnanie z Afryk\u0105&#8221; ul. Wary\u0144skiego 4, Bia\u0142ystok tel. 85-65-25-505 e-mail: sklepzkawa.bialystok@wp.pl \u00a0 https:\/\/www.facebook.com\/pijalniakawy https:\/\/www.instagram.com\/pijalniakawy\/<\/p>\n","protected":false},"author":2,"featured_media":0,"parent":0,"menu_order":0,"comment_status":"closed","ping_status":"closed","template":"","meta":{"_mi_skip_tracking":false,"_exactmetrics_sitenote_active":false,"_exactmetrics_sitenote_note":"","_exactmetrics_sitenote_category":0},"aioseo_notices":[],"_links":{"self":[{"href":"http:\/\/pijalniakawy.pl\/index.php\/wp-json\/wp\/v2\/pages\/12"}],"collection":[{"href":"http:\/\/pijalniakawy.pl\/index.php\/wp-json\/wp\/v2\/pages"}],"about":[{"href":"http:\/\/pijalniakawy.pl\/index.php\/wp-json\/wp\/v2\/types\/page"}],"author":[{"embeddable":true,"href":"http:\/\/pijalniakawy.pl\/index.php\/wp-json\/wp\/v2\/users\/2"}],"replies":[{"embeddable":true,"href":"http:\/\/pijalniakawy.pl\/index.php\/wp-json\/wp\/v2\/comments?post=12"}],"version-history":[{"count":21,"href":"http:\/\/pijalniakawy.pl\/index.php\/wp-json\/wp\/v2\/pages\/12\/revisions"}],"predecessor-version":[{"id":2002,"href":"http:\/\/pijalniakawy.pl\/index.php\/wp-json\/wp\/v2\/pages\/12\/revisions\/2002"}],"wp:attachment":[{"href":"http:\/\/pijalniakawy.pl\/index.php\/wp-json\/wp\/v2\/media?parent=12"}],"curies":[{"name":"wp","href":"https:\/\/api.w.org\/{rel}","templated":true}]}}