{"id":145,"date":"2016-02-07T14:15:49","date_gmt":"2016-02-07T13:15:49","guid":{"rendered":"http:\/\/pijalniakawy.pl\/?page_id=145"},"modified":"2023-06-14T20:55:26","modified_gmt":"2023-06-14T18:55:26","slug":"kawa","status":"publish","type":"page","link":"http:\/\/pijalniakawy.pl\/index.php\/oferta-2\/kawa\/","title":{"rendered":"Kawa"},"content":{"rendered":"<h2 style=\"text-align: justify;\"><strong>\u00a0\u015awie\u017co palone arabiki ziarniste<\/strong><\/h2>\n<p style=\"text-align: justify;\"><em><strong>(kawy dost\u0119pne s\u0105 w wersji jasno lub ciemno palonej)<\/strong><\/em><\/p>\n<p style=\"text-align: justify;\"><strong>Meksyk Maragogype\u00a0 &#8211; arabika jasno i ciemno palona<\/strong><\/p>\n<p style=\"text-align: justify;\">Odmiana kawy arabika charakteryzuj\u0105ca si\u0119 du\u017cym tzw. s\u0142oniowatym ziarnem, znana jako Maragogype (najbardziej ceniona pochodzi z Meksyku). Te wi\u0119ksze od innych kaw ziarna daj\u0105 dojrza\u0142y w smaku, subtelny napar o \u0142agodnym, pi\u0119knym bukiecie z wyczuwalnymi nutami koniaku.<\/p>\n<p style=\"text-align: justify;\"><strong>19,00 z\u0142 \/100 g<\/strong><\/p>\n<p style=\"text-align: justify;\"><strong>Gwatemala Antigua \u2013 arabika jasno i ciemno palona<\/strong><\/p>\n<p style=\"text-align: justify;\">Regionem s\u0142yn\u0105cym z najlepszej produkcji arabik jest Antigua. Na stokach wulkanicznych wzg\u00f3rz Sierra Madre panuj\u0105 idealne warunki do uprawy kawy, a dodatkowo mniej wi\u0119cej co 30 lat \u017cyzna gleba w tym regionie otrzymuje dodatkowe porcje azotu pochodz\u0105cego z wyst\u0119puj\u0105cych tam erupcji wulkanicznych. Te specyficzne warunki powoduj\u0105, \u017ce smak kawy gwatemalskiej jest wyrafinowany, \u0142agodny ale pe\u0142ny, a aromat lekko dymny.<\/p>\n<p style=\"text-align: justify;\"><strong>16,00 z\u0142 \/100 g<\/strong><\/p>\n<p style=\"text-align: justify;\"><strong>Nikaragua SHB- arabika jasno i ciemno palona<\/strong><\/p>\n<p style=\"text-align: justify;\">Najlepsze kawy nikaragua\u0144skie s\u0105 \u0142agodne, o \u015bredniej mocy i przyjemnym aromacie. Obecnie w rejonach Matagalpa, Jinotega i Nuevo Segovia uprawia si\u0119 wysokiej klasy kaw\u0119 oznaczon\u0105 skr\u00f3tem SHB (Strictly Hard Beans) lub SHG (Strictly High Grown).<\/p>\n<p style=\"text-align: justify;\"><strong>16,00 z\u0142 \/100 g<\/strong><\/p>\n<p style=\"text-align: justify;\"><strong>Kostaryka Tarrazu \u2013 arabika jasno i ciemno palona<\/strong><\/p>\n<p style=\"text-align: justify;\">Kostaryka by\u0142a pierwszym krajem w Ameryce \u015arodkowej (1779 r. ), w kt\u00f3rym zacz\u0119to uprawia\u0107 kaw\u0119. \u0141agodny klimat, du\u017ca wilgotno\u015b\u0107 i bogate w minera\u0142y gleby wulkaniczne,\u00a0 doskonale nadaj\u0105 si\u0119\u00a0 pod upraw\u0119 kawy. W Kostaryce uprawia si\u0119 wy\u0142\u0105cznie kaw\u0119 arabik\u0119 (Typica, Bourbon) dobrej jako\u015bci. Uprawa robusty jest zakazana i nielegalna. Kostaryka\u0144skie kawy s\u0105 wysoko cenione na \u015bwiecie. Po\u0142o\u017cony na po\u0142udnie od stolicy kraju San Jose region Tarrazu znany jest z uprawy wy\u015bmienitych kaw o zr\u00f3wnowa\u017conej kwasowo\u015bci i naturalnym orze\u017awiaj\u0105cym, bogatym smaku orzecha w\u0142oskiego.<\/p>\n<p style=\"text-align: justify;\"><strong>16,00 z\u0142 \/100 g<\/strong><\/p>\n<p style=\"text-align: justify;\"><strong>Nepal Mount Everest \u00a0&#8211; arabika jasno palona<\/strong><\/p>\n<p style=\"text-align: justify;\">Kawa pochodzi z plantacji po\u0142o\u017conych u podn\u00f3\u017ca \u0142a\u0144cucha g\u00f3rskiego Ganesh Himal nad rzek\u0105 Trisuli, 70 km od le\u017c\u0105cej na wysoko\u015bci 1500 m n.p.m. stolicy kraju Katmandu. Wody rzeki zasilane s\u0105 woda z topniej\u0105cego a Himalajach \u015bniegu. Wysokogatunkowa kawa nepalska, uprawiana bez u\u017cycia nawoz\u00f3w sztucznych, szczeg\u00f3lnie jest ceniona w Japonii i Holandii. Smak kawy jest\u00a0 wyra\u017any, wyj\u0105tkowy, przyjemnie ma\u015blany z lekk\u0105 nut\u0105 pra\u017conych migda\u0142\u00f3w.<\/p>\n<p style=\"text-align: justify;\"><strong>48,00 z\u0142 \/100 g<\/strong><\/p>\n<p style=\"text-align: justify;\"><strong>India Robusta Cherry &#8211; robusta<\/strong><\/p>\n<p style=\"text-align: justify;\">Szybko stawia na nogi dzi\u0119ki du\u017cej zawarto\u015bci kofeiny \u2013 ok. 3,5%. Smakowo i zapachowo jest to gorsza kawa od arabiki,\u00a0 ma gorzkawy posmak i ubogi aromat.<\/p>\n<p style=\"text-align: justify;\"><strong>11,00 z\u0142 \/100 g<\/strong><\/p>\n<p style=\"text-align: justify;\"><strong>Kuba Altura Imias Lavado \u2013 arabika jasno palona<\/strong><\/p>\n<p style=\"text-align: justify;\">To arabika o pe\u0142nym, lekko w\u0119dzonym, dymnym posmaku, wpadaj\u0105cym w orzech laskowy. Charakteryzuje si\u0119 \u015brednia kwasowo\u015bci\u0105, poniewa\u017c plantacje usytuowane s\u0105 na mniejszych wysoko\u015bciach. Ze wzgl\u0119du na technik\u0119 obr\u00f3bki zielonych ziaren, kaw\u0119 t\u0119 zaliczamy do kaw mytych. Kuba Altura uprawiana jest w prowincji Guantanamo na tamtejszych stromych g\u00f3rskich stokach.<\/p>\n<p style=\"text-align: justify;\"><strong>17,60 z\u0142 \/100 g<\/strong><\/p>\n<p style=\"text-align: justify;\"><strong>Etiopia Djimah \u2013 arabika jasno palona<\/strong><\/p>\n<p style=\"text-align: justify;\">Najbardziej pierwotna, do dzi\u015b dziko rosn\u0105ca arabika, na wysoko\u015bci 1200 m n.p.m.. Ziarno tej kawy jest ma\u0142e i nie\u0142adne, lecz zapach i smak bardzo bogaty, winny z wyczuwaln\u0105 nut\u0105 gorzkiej czekolady i akcentami owocowymi.<\/p>\n<p style=\"text-align: justify;\"><strong>16,00 z\u0142 \/100 g<\/strong><\/p>\n<p style=\"text-align: justify;\"><strong>Etiopia Sidamo \u2013arabika jasno palona<\/strong><\/p>\n<p style=\"text-align: justify;\">Smak kawy etiopskiej nie jest \u0142atwy do opisania. Ziarna tej kawy nie powinno si\u0119 silnie pra\u017cy\u0107, niszczy to bowiem ich indywidualny charakter. Mimo, \u017ce ziarno nie wygl\u0105da atrakcyjnie, jego smak jest znakomity, g\u0142\u0119boko winny, korzenny, o lekkiej kwasowo\u015bci. Wyr\u00f3\u017cnia si\u0119 subteln\u0105 aksamitn\u0105 delikatno\u015bci\u0105 i mocnym aromatem.<\/p>\n<p style=\"text-align: justify;\"><strong>19,00 z\u0142 \/100 g<\/strong><\/p>\n<p style=\"text-align: justify;\"><strong>Etiopia Yirgacheffe \u2013arabika jasno palona<\/strong><\/p>\n<p style=\"text-align: justify;\">Najrzadsza i najtrudniejsza do zdobycia kawa etiopska, pochodz\u0105ca z okolic po\u0142o\u017conego w prowincji Sidamo miasta Yirgacheffe. Mimo, \u017ce nie jest tak znana jak inne kawy z Etiopii, uwa\u017ca si\u0119 j\u0105 za najlepsz\u0105. Ma bogaty smak o charakterystycznym kwiatowym bukiecie. Zapach Etiopia Yirgacheffe por\u00f3wnywany jest z zapachem \u0142\u0105ki.<\/p>\n<p style=\"text-align: justify;\"><strong>19,00 z\u0142 \/100 g<\/strong><\/p>\n<p style=\"text-align: justify;\"><strong>Kenia AA- arabika jasno palona<\/strong><\/p>\n<p style=\"text-align: justify;\">Jedna z najlepszych i najbardziej cenionych kaw na \u015bwiecie. Jest rygorystycznie kontrolowana przez Coffee Board of Kenia. Organizacja ta klasyfikuje kaw\u0119 przyznaj\u0105c jej kategori\u0119 AB lub AA. Te najlepszej jako\u015bci, najwi\u0119ksze ziarna oznaczane w\u0142a\u015bnie kategori\u0105 AA dost\u0119pne s\u0105 w naszym sklepie. Posiadaj\u0105 mocny wytrawny smak, wyra\u017an\u0105 kwasowo\u015b\u0107 i cierpko\u015b\u0107 oraz winno-owocowy aromat.<\/p>\n<p style=\"text-align: justify;\"><strong>23,00 z\u0142 \/100 g<\/strong><\/p>\n<p style=\"text-align: justify;\"><strong>Tanzania Tanga AA- arabika jasno palona<\/strong><\/p>\n<p style=\"text-align: justify;\">Obecnie ok. 90% zbior\u00f3w kawy w Tanzanii pochodzi z ma\u0142ych gospodarstw. Na plantacjach uprawia si\u0119 g\u0142. Odmiany Bourbon, Typica, Kent. Kawowce na plantacjach naturalnie zacienione s\u0105 przez pot\u0119\u017cne drzewa bananowc\u00f3w. Kawa Tanzania Tanga AA pochodzi z rejonu jeziora Tanganika. Smak kawy jest kremowy, lekko s\u0142odki ,intensywny z zauwa\u017caln\u0105 nuta jab\u0142ek i owoc\u00f3w cytrusowych. \u0141agodnie wytrawna, lekko ziemista, ze wspania\u0142ym aromatem.<\/p>\n<p style=\"text-align: justify;\"><strong>16,00 z\u0142 \/100 g<\/strong><\/p>\n<p style=\"text-align: justify;\"><strong>Jemen Matari- arabika jasno palona<\/strong><\/p>\n<p style=\"text-align: justify;\">Prawdziwa mocha (inaczej moka lub mokka) pochodz\u0105ca z\u00a0prowincji Bany Mata, \u00a0zwana przez koneser\u00f3w &#8220;Bordeaux w\u015br\u00f3d kaw&#8221;. Jest to jeden z najrzadziej wyst\u0119puj\u0105cych gatunk\u00f3w, o wyj\u0105tkowym, pe\u0142nym, winnym bukiecie. Smak egzotyczny, charakterystycznie ostry z akcentami czekoladowymi, znakomity i pikantny.<\/p>\n<p style=\"text-align: justify;\"><strong>44,00 z\u0142 \/100 g<\/strong><\/p>\n<p style=\"text-align: justify;\"><strong>India Plantation \u2013 arabika jasno lub ciemno palona<\/strong><\/p>\n<p style=\"text-align: justify;\">Najlepsza arabika pochodzi z rejonu Mysore, Nigrili, Malabr i tworzy wsp\u00f3ln\u0105 mark\u0119 Plantation. Charakteryzuje si\u0119 wino-w\u0119dzonym, mocnym i ci\u0119\u017ckim smakiem. Arabika o do\u015b\u0107 du\u017cej zawarto\u015bci kofeiny, dobra, z ma\u0142\u0105 kwasowo\u015bci\u0105. Dost\u0119pna jasno palona i ciemno palona.<\/p>\n<p style=\"text-align: justify;\"><strong>16,00 z\u0142 \/100 g<\/strong><\/p>\n<p style=\"text-align: justify;\"><strong>India Plantation Peaberry \u2013 arabika jasno palona<\/strong><\/p>\n<p style=\"text-align: justify;\">Wysokiej jako\u015bci kawa o wyj\u0105tkowym tzw. ziarnie per\u0142owym (peaberry). W wisience owocu kawowego zamiast tradycyjnych dw\u00f3ch ziaren- po\u0142\u00f3wek jednostronnie sp\u0142aszczonych, wyst\u0119puje jedno kuliste. Kszta\u0142t ten umo\u017cliwia r\u00f3wnomierne palenie, dzi\u0119ki czemu napar charakteryzuje si\u0119 zr\u00f3wnowa\u017conym smakiem, z wyczuwaln\u0105 s\u0142odycz\u0105, pe\u0142nym bukietem z domieszk\u0105 niskiej wytrawno\u015bci.<\/p>\n<p style=\"text-align: justify;\"><strong>17,00 z\u0142 \/100 g<\/strong><\/p>\n<p style=\"text-align: justify;\"><strong>Sumatra Mandheling \u2013 arabika ciemno palona<\/strong><\/p>\n<p style=\"text-align: justify;\">Wysokogatunkowa kawa arabika uprawiana w p\u00f3\u0142nocnych i zachodnio-\u015brodkowych rejonach wyspy, na \u017cyznej wysoko zmineralizowanej glebie wulkanicznej, co nadaje jej mocnego, zdecydowanego smaku, z obfitymi akcentami czekoladowymi. Dzi\u0119ki swojej niskiej kwasowo\u015bci, \u015bwietnie nadaje si\u0119 do picia wieczorem.<\/p>\n<p style=\"text-align: justify;\"><strong>20,00 z\u0142 \/100 g<\/strong><\/p>\n<p style=\"text-align: justify;\"><strong>Honduras SHG Las Mataras &#8211; arabika jasno i ciemno palona<\/strong><\/p>\n<p style=\"text-align: justify;\">Jedna z najciekawszych kaw na rynku. Ziarno szczepu Caturra oparte jest o zasad\u0119 Treceability (ziarna charakteryzuj\u0105 si\u0119 pochodzeniem z konkretnej farmy, konkretnego zbioru oraz konkretnego szczepu botanicznego ). W\u0142a\u015bciwy spos\u00f3b uprawy na farmie Las Mataras, na wysoko\u015bci oko\u0142o 1370m n.p.m. i naturalne zacienienie drzewami Pepeto i sosnami korzystnie p\u0142ywa na jako\u015b\u0107 kawy. Kawa charakteryzuje si\u0119 doskona\u0142ym aromatem owoc\u00f3w tropikalnych, kakao i migda\u0142\u00f3w. W smaku wyczuwalne s\u0105 nuty czekolady, wanilii i moreli.<\/p>\n<p style=\"text-align: justify;\"><strong>16,00 z\u0142 \/100 g<\/strong><\/p>\n<p style=\"text-align: justify;\"><strong> Jamajka Blue Mountain \u2013 arabika jasno palona<\/strong><\/p>\n<p style=\"text-align: justify;\">Autentyczn\u0105 kaw\u0119 Jamajka Blue Mountain okre\u015bla si\u0119 mianem szampana w\u015br\u00f3d kaw. Oryginalna jamajska\u00a0 Blue Mountain\u00a0 pakowana jest do beczek z\u00a0za\u0142\u0105czonym certyfikatem. W ci\u0105gu ostatnich kilku dekad wypracowa\u0142a sobie reputacj\u0119, kt\u00f3ra uczyni\u0142a j\u0105 kaw\u0105 dla konesera i jedn\u0105 z najdro\u017cszych kaw na \u015bwiecie. Jej smak jest zr\u00f3wnowa\u017cony,\u00a0owocowo-kwasowy, pe\u0142ny i odznacza si\u0119 niezwyk\u0142\u0105 trwa\u0142o\u015bci\u0105. Charakteryzuje j\u0105 r\u00f3wnie\u017c wyra\u017any i\u00a0intensywny aromat.<br \/>\nPierwsze drzewko kawowe sprowadzono na Jamajk\u0119 w\u00a01725 r. Po wielu latach eksperyment\u00f3w odkryto tereny, na kt\u00f3rych kultury kawy maj\u0105 najwy\u017cszy poziom \u00a0jako\u015bci. Z\u00a0tych w\u0142a\u015bnie teren\u00f3w pochodzi prawdziwa \u00a0Blue Mountain. Jej przeci\u0119tna roczna produkcja wynosi tylko oko\u0142o 900 ton. 80% uprawianej \u00a0kawy jest eksportowane do Japonii. Kawa jamajska jest poddawana obr\u00f3bce metod\u0105 mokr\u0105 tzn. ziarno jest pozbawiane \u0142upiny za pomoc\u0105 wody, co powoduje jego \u0142adniejszy wygl\u0105d.<\/p>\n<p style=\"text-align: justify;\"><strong>118,00 z\u0142 \/100 g<\/strong><\/p>\n<p style=\"text-align: justify;\"><strong>Kolumbia Medellin\u2013 arabika jasno i ciemno palona<\/strong><\/p>\n<p style=\"text-align: justify;\">Pierwsze drzewko kawowe posadzono w Kolumbii w 1808 roku, a w XX wieku kawa sta\u0142a si\u0119 jednym z podstawowych towar\u00f3w eksportowych tego kraju. Dostarcza oko\u0142o 12% \u015bwiatowej produkcji kawy i zajmuje trzecie miejsce po Brazylii i Wietnamie na \u015bwiecie. Kawa kolumbijska nale\u017cy do kaw\u00a0 bardzo wysokiej jako\u015bci i sprzedawana jest na ca\u0142ym \u015bwiecie pod w\u0142asn\u0105 mark\u0105 \u201eCafe de Columbia\u201d. Wszystkie eksportowane kawy wolne s\u0105 od zanieczyszcze\u0144, kalibrowane, wyr\u00f3\u017cniaj\u0105 si\u0119 dobrym smakiem , bogatym zapachem i dobr\u0105 kwasowo\u015bci\u0105. Uprawy rozmieszczone s\u0105 u podn\u00f3\u017ca And\u00f3w, gdzie panuje umiarkowany, wilgotny klimat. Z rze\u017ab\u0105 terenu wi\u0105\u017c\u0105 si\u0119 zr\u00f3\u017cnicowane mikroklimaty i na poszczeg\u00f3lnych plantacjach kawa dojrzewa w r\u00f3\u017cnych miesi\u0105cach, w zwi\u0105zku z czym przez ca\u0142y niemal rok, w rozmaitych miejscach trwaj\u0105 zbiory. Z najlepszej jako\u015bci kawy s\u0142yn\u0105 regiony Medellin, Armenia i Manizales. Wysokogatunkowa kawa jest starannie klasyfikowana i kalibrowana, przydzielona do trzech kategorii: Supremo, Excelso i UGQ. Kawa Supremo Medellin charakteryzuje si\u0119 najwi\u0119kszym ziarnem, \u015bredni\u0105 moc\u0105, bogatym delikatnym zapachem z wyra\u017anym akcentem owocowym. Kolumbia Excelso ma dodrze wyro\u015bni\u0119te ziarna, jest delikatniejsza i bardziej kwaskowa. Eksperci cz\u0119sto okre\u015blaj\u0105 smak kawy kolumbijskiej jako \u201ejedwabisty\u201d, zalicza si\u0119 ona bowiem do kaw najbardziej zr\u00f3wnowa\u017conych i nadaj\u0105cych si\u0119 do picia o ka\u017cdej porze dnia.<\/p>\n<p style=\"text-align: justify;\"><strong>16,00 z\u0142 \/100 g<\/strong><\/p>\n<p style=\"text-align: justify;\"><strong>Peru Chanchamayo \u2013 arabika jasno palona<\/strong><\/p>\n<p style=\"text-align: justify;\">Kawy peruwia\u0144skie charakteryzuj\u0105 si\u0119 zr\u00f3wnowa\u017conym smakiem, niewielk\u0105 kwasowo\u015bci\u0105 i lekkim body. Z regionu Chanchamayo pochodzi ponad 40% zbior\u00f3w i jest to najlepsza kawa w Peru. Uprawiana jest przez miejscowych Indian z plemienia Yanesha, na niewielkich farmach. S\u0105 to kawy organiczne, cz\u0119sto posiadaj\u0105 specjalne certyfikaty \u201eorganiczno\u015bci\u201d. Uprawiane bez nawoz\u00f3w sztucznych i pestycyd\u00f3w. Kawa przetwarzana jest wy\u0142\u0105cznie metod\u0105 myt\u0105 \u201ewashed\u2019. Peru Chanchamayo to szczepy\u00a0 Caturra, Catimor, Typica, Bourbon, Pache. Charakteryzuj\u0105 si\u0119 niewielk\u0105 kwasowo\u015bci\u0105 i lekkim body, a w aromacie wyczuwalna jest wanilia i orzech w\u0142oski, lekkie cytrusy, oraz posmak sk\u00f3rki pomara\u0144czowej.<\/p>\n<p style=\"text-align: justify;\"><strong>16,00 z\u0142 \/100 g<\/strong><\/p>\n<p style=\"text-align: justify;\"><strong>Brazylia Pergamino Sul de Minas \u2013 arabika jasno i ciemno palona<\/strong><\/p>\n<p style=\"text-align: justify;\">Brazylia jest najwi\u0119kszym producentem kawy na \u015bwiecie. Jednym z najlepszych gatunk\u00f3w kawy uprawianej w Brazylii jest arabika pochodz\u0105ca z rejonu Sul de Minas. Opatrzona jest certyfikatem nadanym przez BSCA- brazylijskie stowarzyszenie producent\u00f3w kawy wysokogatunkowej. Ma \u0142agodny i delikatny smak, pozbawiony goryczki, charakteryzuje si\u0119 \u015bredni\u0105 moc\u0105 i nisk\u0105 kwasowo\u015bci\u0105.<\/p>\n<p style=\"text-align: justify;\"><strong>16,00 z\u0142 \/100 g<\/strong><\/p>\n<p style=\"text-align: justify;\"><strong>\u00a0<\/strong><\/p>\n<h2><strong>Kawy bezkofeinowe<\/strong><\/h2>\n<p><strong>Irlandzka bezkofeinowa<\/strong><\/p>\n<p>Kawa bezkofeinowa z aromatem irlandzkiej whisky.<\/p>\n<p><strong>19,00 z\u0142 \/100 g<\/strong><\/p>\n<p><strong>Waniliowo-orzechowa bezkofeinowa<\/strong><\/p>\n<p>Kawa bezkofeinowa z aromatem waniliowo-orzechowym.<\/p>\n<p><strong>19,00 z\u0142 \/100 g<\/strong><\/p>\n<p><strong>Pomara\u0144czowo-czekoladowa<\/strong><\/p>\n<p>Kawa bezkofeinowa z aromatem pomara\u0144czy i czekolady.<\/p>\n<p><strong>19,00 z\u0142 \/100 g<\/strong><\/p>\n<p><strong>Bezkofeinowa Brazylia Santos \u2013 bezkofeinowa arabika jasno palona<\/strong><\/p>\n<p>Ziarno kawy pozbawione kofeiny, \u015bwie\u017co palone i zaparzone prawid\u0142owo daje napar niewiele odbiegaj\u0105cy smakiem i zapachem od kawy kofeinowej. W 1906 roku wprowadzono do sprzeda\u017cy pierwsz\u0105 kaw\u0119 bezkofeinow\u0105, jednak dopiero w\u00a0latach 80-tych rozpocz\u0119to jej wytwarzanie na szerok\u0105 skal\u0119. Sta\u0142o si\u0119 tak dzi\u0119ki tzw. szwajcarskiej metodzie wodnej znanej r\u00f3wnie\u017c jako metoda wodno-w\u0119glowa (metoda \u201eswiss water\u2019). Ziarna jeszcze przed paleniem poddawane s\u0105 dzia\u0142aniu gor\u0105cej wody, w\u00a0kt\u00f3rej kofeina si\u0119 rozpuszcza. Nast\u0119pnie woda jest filtrowana przez aktywny w\u0119giel, a ziarno suszone ciep\u0142ym powietrzem. Procesowi dekofeinizacji poddaje si\u0119 kaw\u0119 zielon\u0105 i zaledwie oko\u0142o 3% pierwotnej ilo\u015bci kofeiny pozostaje w kawie i tak przygotowane ziarno pra\u017cy si\u0119.<\/p>\n<p><strong>19,00 z\u0142 \/100 g<\/strong><\/p>\n<h2><strong>Kawy smakowe<\/strong><\/h2>\n<p style=\"text-align: justify;\"><em><strong>Bogata w aromat arabika brazylijska z regionu Cerrado zosta\u0142a dodatkowo wzbogacona w procesie palenia (w oparciu o w\u0142asn\u0105 technologi\u0119) r\u00f3\u017cnymi smakami i aromatami dostarczanymi przez rodzinn\u0105 firm\u0119 z francuskiego Grasse &#8211; \u015bwiatowej stolicy perfum oraz centrum produkcji naturalnych aromat\u00f3w.<\/strong><\/em><\/p>\n<p style=\"text-align: justify;\"><strong>Nasze kawy smakowe s\u0105 w pe\u0142ni naturalne i ka\u017cdy znajdzie co\u015b dla siebie.<\/strong><\/p>\n<p><strong>&#8211; Irlandzka<\/strong><\/p>\n<p><strong>&#8211; Czekoladowa<\/strong><\/p>\n<p><strong>&#8211; Czekoladowo-migda\u0142owa<\/strong><\/p>\n<p><strong>&#8211; Wi\u015bnie w czekoladzie<\/strong><\/p>\n<p><strong>&#8211; Waniliowo-orzechowa<\/strong><\/p>\n<p><strong>&#8211; Orzech laskowy<\/strong><\/p>\n<p><strong>&#8211; Orzechowa<\/strong><\/p>\n<p><strong>&#8211; Kokosowa<\/strong><\/p>\n<p><strong>&#8211; Amaretto<\/strong><\/p>\n<p><strong>&#8211; Cynamonowa<\/strong><\/p>\n<p><strong>&#8211; Pomara\u0144czowa<\/strong><\/p>\n<p><strong>&#8211; Karmelowa<\/strong><\/p>\n<p><strong>&#8211; Pra\u017cone migda\u0142y<\/strong><\/p>\n<p><strong>&#8211; Belgijskie praliny<\/strong><\/p>\n<p><strong>&#8211; Creme brule<\/strong><\/p>\n<p><strong>&#8211; Mi\u0119towa<\/strong><\/p>\n<p><strong>&#8211; Mieszanka Pi\u0119ciu Smak\u00f3w<\/strong><\/p>\n<p><strong>&#8211; Malinowa<\/strong><\/p>\n<p><strong>&#8211; Wi\u015bniowa<\/strong><\/p>\n<p><strong>&#8211; Francuska noc<\/strong><\/p>\n<p><strong>&#8211; Bananowa<\/strong><\/p>\n<p><strong>&#8211; Adwokatowa<\/strong><\/p>\n<p><strong>&#8211; Cytrynowa<\/strong><\/p>\n<p><strong>16,00 z\u0142 \/100 g<\/strong><\/p>\n<p style=\"text-align: justify;\">Specjalnie na \u017cyczenie klienta, w zale\u017cno\u015bci od preferencji zaparzania, kaw\u0119 mo\u017cemy zemle\u0107 na drobno lub grubo.<\/p>\n<p style=\"text-align: justify;\">Posiadamy w sprzeda\u017cy niskoci\u015bnieniowe ekspresy w\u0142oskiej firmy Bialetti, aluminiowe i ze stali nierdzewnej, rosyjsk\u0105 porcelan\u0119 z fabryki \u0141omonosow w Petersburgu, tygielki oraz inne akcesoria do zaparzania i przechowywania kawy lub herbaty.<\/p>\n","protected":false},"excerpt":{"rendered":"<p>\u00a0\u015awie\u017co palone arabiki ziarniste (kawy dost\u0119pne s\u0105 w wersji jasno lub ciemno palonej) Meksyk Maragogype\u00a0 &#8211; arabika jasno i ciemno palona Odmiana kawy arabika charakteryzuj\u0105ca si\u0119 du\u017cym tzw. s\u0142oniowatym ziarnem, znana jako Maragogype (najbardziej ceniona pochodzi z Meksyku). Te wi\u0119ksze od innych kaw ziarna daj\u0105 dojrza\u0142y w smaku, subtelny napar &#8230;<\/p>\n","protected":false},"author":1,"featured_media":0,"parent":119,"menu_order":0,"comment_status":"closed","ping_status":"closed","template":"","meta":{"_mi_skip_tracking":false,"_exactmetrics_sitenote_active":false,"_exactmetrics_sitenote_note":"","_exactmetrics_sitenote_category":0},"aioseo_notices":[],"_links":{"self":[{"href":"http:\/\/pijalniakawy.pl\/index.php\/wp-json\/wp\/v2\/pages\/145"}],"collection":[{"href":"http:\/\/pijalniakawy.pl\/index.php\/wp-json\/wp\/v2\/pages"}],"about":[{"href":"http:\/\/pijalniakawy.pl\/index.php\/wp-json\/wp\/v2\/types\/page"}],"author":[{"embeddable":true,"href":"http:\/\/pijalniakawy.pl\/index.php\/wp-json\/wp\/v2\/users\/1"}],"replies":[{"embeddable":true,"href":"http:\/\/pijalniakawy.pl\/index.php\/wp-json\/wp\/v2\/comments?post=145"}],"version-history":[{"count":39,"href":"http:\/\/pijalniakawy.pl\/index.php\/wp-json\/wp\/v2\/pages\/145\/revisions"}],"predecessor-version":[{"id":2011,"href":"http:\/\/pijalniakawy.pl\/index.php\/wp-json\/wp\/v2\/pages\/145\/revisions\/2011"}],"up":[{"embeddable":true,"href":"http:\/\/pijalniakawy.pl\/index.php\/wp-json\/wp\/v2\/pages\/119"}],"wp:attachment":[{"href":"http:\/\/pijalniakawy.pl\/index.php\/wp-json\/wp\/v2\/media?parent=145"}],"curies":[{"name":"wp","href":"https:\/\/api.w.org\/{rel}","templated":true}]}}