{"id":24,"date":"2016-01-30T19:35:10","date_gmt":"2016-01-30T18:35:10","guid":{"rendered":"http:\/\/pijalniakawy.pl\/?page_id=24"},"modified":"2022-11-12T17:27:24","modified_gmt":"2022-11-12T16:27:24","slug":"uprawa-kawy","status":"publish","type":"page","link":"http:\/\/pijalniakawy.pl\/index.php\/o_kawie\/uprawa-kawy\/","title":{"rendered":"Uprawa kawy"},"content":{"rendered":"<p style=\"text-align: justify;\">Istnieje\u00a0ponad 500 gatunk\u00f3w kawowc\u00f3w w obr\u0119bie rodzaju\u00a0<em>coffea.<\/em><\/p>\n<p style=\"text-align: justify;\">Ka\u017cda odmiana wymaga odpowiedniego klimatu, gleby i terenu uprawy. Kaw\u0119 arabik\u0119 uprawia si\u0119 na zboczach g\u00f3r i musi mie\u0107 r\u00f3wnomiern\u0105 temperatur\u0119. Drzewo liberyjskie najlepiej ro\u015bnie w klimacie tropikalnym, na terenach nizinnych, odporne jest na niewielkie wahania temperatury.<\/p>\n<p style=\"text-align: justify;\">Drzewko kawowe wymaga nas\u0142onecznienia, du\u017cej wilgotno\u015bci gleby, przewiewu, ale te dzia\u0142anie nie mog\u0105 by\u0107 bezpo\u015brednie. Dlatego te\u017c na plantacjach obok drzew kawowych rosn\u0105 drzewa, tzw. mamki kawowe, kt\u00f3re chroni\u0105 przed nadmiernym nas\u0142onecznieniem, deszczami i wiatrami.<\/p>\n<p style=\"text-align: justify;\">Najlepszymi ziemiami pod upraw\u0119 drzewa kawowego s\u0105 gleby czerwone obszar\u00f3w tropikalnych oraz popio\u0142y wulkaniczne.<\/p>\n<p style=\"text-align: justify;\">W stanie dzikim drzewo kawowe osi\u0105ga wysoko\u015b\u0107 do dziesi\u0119ciu metr\u00f3w. Na plantacjach jest przycinane tak, by jego wysoko\u015b\u0107 nie przekracza\u0142a 3 metr\u00f3w. Utrzymana jest forma krzewu. Przycinanie sprawia, ze drzewo jest wydajniejsze.<\/p>\n<p style=\"text-align: justify;\">Owoc drzewa kawowego podobny do wi\u015bni, zwany jest trze\u015bni\u0105 kawow\u0105. \u00a0Pocz\u0105tkowo owoc jest koloru ciemnozielonego. W miar\u0119 dojrzewania jego barwa zmienia si\u0119 od \u017c\u00f3\u0142tej do ciemnoczerwonej, prawie bordo. Trze\u015bnia kawowa pokryta jest sk\u00f3rk\u0105, pod kt\u00f3r\u0105 znajduje si\u0119 s\u0142odki, soczysty mi\u0105\u017csz podobny do mi\u0105\u017cszu wi\u015bni. Wewn\u0105trz mi\u0105\u017cszu s\u0105 dwa ziarna nasienne przylegaj\u0105ce do siebie p\u0142ask\u0105 stron\u0105. Ziarna otoczone s\u0105 bia\u0142aw\u0105 \u0142usk\u0105, zwana b\u0142onk\u0105 srebrzyst\u0105. Przez \u015brodek p\u0142askiej strony ziarna przechodzi bia\u0142a, pod\u0142u\u017cna bruzda, wewn\u0105trz kt\u00f3rej mie\u015bci si\u0119 zarodek.<\/p>\n<p style=\"text-align: justify;\">Wyhodowane z ziarna drzewko dopuszcza si\u0119 do kwitni\u0119cia dopiero w trzecim roku. Przed sz\u00f3stym rokiem nie otrzymuje si\u0119 pe\u0142nego zbioru. Dopiero po sze\u015bciu latach drzewo daje pe\u0142ny plon. Okres owocowania trwa od 15 do 20 lat. Po tym okresie wydajno\u015b\u0107 maleje. Drzewo kawowe daje jeden plon rocznie.<\/p>\n<p style=\"text-align: justify;\">Mi\u0119dzynarodowa Organizacja Kawy (The International \u00a0Coffee Organization, w skr\u00f3cie ICO) jest naczeln\u0105 organizacj\u0105 dla wszystkich kraj\u00f3w produkuj\u0105cych kaw\u0119. W rejestrze ICO figuruje obecnie blisko 50 kraj\u00f3w zajmuj\u0105cych si\u0119 uprawa kawy: arabiki, robusty lub obu gatunk\u00f3w naraz.<\/p>\n<p style=\"text-align: justify;\">Ze wzgl\u0119du na r\u00f3\u017cne po\u0142o\u017cenie geograficzne i warunki klimatyczne zbiory kawy przypadaj\u0105 w poszczeg\u00f3lnych krajach w r\u00f3\u017cnym czasie. Ponadto istniej\u0105 kraje uprawy kawowca niewymienione w rejestrze. Ilo\u015bci produkowanego tam surowca s\u0105 tak niewielkie, \u017ce pomija si\u0119 je w statystykach.<\/p>\n<h2>Metody wy\u0142uskiwania ziaren<\/h2>\n<ul>\n<li>\n<h4>Mokra metoda przygotowania ziaren kawy<\/h4>\n<\/li>\n<\/ul>\n<p style=\"text-align: justify;\">Metoda preparowania i oczyszczania surowego \u00a0(zielonego) ziarna kawowego z mi\u0105\u017cszu i otoczek za pomoc\u0105 maceracji i p\u0142ukania w wodzie, a nast\u0119pnie suszenia. Obecnie wsz\u0119dzie tam, gdzie jest pod dostatkiem wody, wi\u0119kszo\u015b\u0107 dobrego ziarna kawowego jest przygotowywana do dalszej obr\u00f3bki w ten spos\u00f3b. Przed wst\u0119pnym myciem owoce wsypywane s\u0105 do specjalnych wyciskarek r\u0119cznych lub mechanicznych celem usuni\u0119cia owocni, mi\u0105\u017cszu i kleistych substancji. Nast\u0119pnie ziarno wsypywane jest do czystych betonowych zbiornik\u00f3w, gdzie podlega fermentacji. Trwa to zwykle 12-24 godziny. Z betonowych zbiornik\u00f3w fermentacyjnych przepompowuje si\u0119 ziarno do p\u00f3\u0142czek, w kt\u00f3rych ca\u0142kowicie wyp\u0142ukuje si\u0119 resztki mi\u0105\u017cszu i substancji kleistych. Po wyp\u0142ukaniu transportuje si\u0119 ziarno do suszarek lub rozsypuje si\u0119 ziarno na betonowych klepiskach, na kt\u00f3rych jest systematycznie przegarniane. Po wysuszeniu, gdy ziarno zawiera 11-12% wilgoci, transportowane jest do \u0142uszczarek, w kt\u00f3rych usuwa si\u0119 resztki owocni i pergaminow\u0105 otoczk\u0119 (sk\u00f3rk\u0119). Ziarno powinno pozosta\u0107 w srebrzystej otoczce, kt\u00f3ra chroni nasienie przed czynnikami atmosferycznymi. Usuwa si\u0119 j\u0105 dopiero w pra\u017carni.<\/p>\n<ul>\n<li>\n<h4>Sucha metoda przygotowywania ziaren kawy<\/h4>\n<\/li>\n<\/ul>\n<p style=\"text-align: justify;\">Najstarsza metoda, stosowana od wiek\u00f3w przez Arab\u00f3w w Jemenie i przez mieszka\u0144c\u00f3w Etiopii. Owocom pozwala si\u0119 zasycha\u0107 na drzewie, a nast\u0119pnie strz\u0105sa si\u0119 je na rozes\u0142ane p\u0142achty. 65% kawy na \u015bwiatowym rynku jest nadal przygotowywane metod\u0105 such\u0105. Przy stosowaniu suchej metody owoce b\u0119d\u0105ce w r\u00f3\u017cnej fazie dojrzewania zbiera si\u0119 jednorazowo (owoce zielone, na wp\u00f3\u0142 dojrza\u0142e, dojrza\u0142e i przejrza\u0142e), po czym wszystkie, bez sortowania, s\u0105 wsypywane do b\u0119bn\u00f3w celem wst\u0119pnego mycia. Potem rozsypuje si\u0119 je na klepisku z ubitej gliny lub pokrytym betonem celem wysuszenia. Przez 2-3 tygodnie suszy si\u0119 owoce, stale przegarniaj\u0105c je specjalnymi grabiami. Jest to praca \u017cmudna i nielekka, gdy\u017c trzeba kilkukrotnie w ci\u0105gu godziny owoce przegarnia\u0107. W tym czasie wewn\u0105trz owocu nast\u0119puje fermentacja u\u0142atwiaj\u0105ca p\u00f3\u017aniejsze wy\u0142uskiwanie ziarna. Po zachodzie s\u0142o\u0144ca trzeba owoce zgarn\u0105\u0107 na stos i okry\u0107, aby uchroni\u0107 je przed nocn\u0105 wilgoci\u0105. Kiedy ju\u017c ca\u0142kowicie wyschn\u0105, przenosi si\u0119 je do specjalnych \u0142uszczarek i pozbawia zaschni\u0119tego mi\u0105\u017cszu, suchych \u0142usek i pergaminowej otoczki. W rezultacie otrzymuje si\u0119 ziarno jedynie w srebrzystej otoczce. Ziarno pozyskiwane metod\u0105 such\u0105 ma na powierzchni charakterystyczne rysy pozosta\u0142e przy mechanicznej obr\u00f3bce.<\/p>\n<p style=\"text-align: left;\"><span style=\"font-family: 'andale mono', monospace;\">\u0179r\u00f3d\u0142a: http:\/\/www.wymarzonyogrod.pl\/rosliny-doniczkowe\/rosliny-doniczkowe\/uprawa-kawy-w-domu-kawa-uprawa-doniczkowa,65_2153.html;\u00a0<\/span><\/p>\n<p style=\"text-align: left;\"><span style=\"font-family: 'andale mono', monospace;\">http:\/\/www.swiatkwiatow.pl\/drzewko-kawowe-kawa-coffea-arabica-id319.html#foto;\u00a0<\/span><\/p>\n<p style=\"text-align: left;\"><span style=\"font-family: 'andale mono', monospace;\">http:\/\/www.naszecytrusy.pl\/kawa.htm;\u00a0<\/span><\/p>\n<p style=\"text-align: left;\"><span style=\"font-family: 'andale mono', monospace;\">http:\/\/travelike.pl\/2013\/07\/28\/kolumbia-w-filizankach-czyli-o-kawie-i-innych-nalogach\/#;\u00a0<\/span><\/p>\n<p style=\"text-align: left;\"><span style=\"font-family: 'andale mono', monospace;\">http:\/\/www.kawatopodstawa.pl\/2011\/05\/kawa-arabica\/;\u00a0<\/span><\/p>\n<p style=\"text-align: left;\"><span style=\"font-family: 'andale mono', monospace;\">http:\/\/loveopium.ru\/yuzhnaya-amerika\/kofejnye-plantacii-v-brazilii.html;\u00a0<\/span><\/p>\n<p style=\"text-align: left;\"><span style=\"font-family: 'andale mono', monospace;\">http:\/\/www.manufakturakawy.com\/plantacje-kawy\/;\u00a0<\/span><\/p>\n<p style=\"text-align: left;\"><span style=\"font-family: 'andale mono', monospace;\">&#8220;O kawie i herbacie prawie wszystko&#8221; Wydawnictwo Pagina, Warszawa 1998;\u00a0<\/span><\/p>\n<p style=\"text-align: left;\"><span style=\"font-family: 'andale mono', monospace;\">&#8220;Tajemnice kawy&#8221; Sara Magdalena Wo\u017any, Wydawnictwo ZYSK I S-KA,Pozna\u0144 2011<\/span><\/p>\n<p style=\"text-align: left;\"><a href=\"http:\/\/pijalniakawy.pl\/index.php\/o_kawie\/\">\u2190 powr\u00f3t<\/a><\/p>\n","protected":false},"excerpt":{"rendered":"<p>Istnieje\u00a0ponad 500 gatunk\u00f3w kawowc\u00f3w w obr\u0119bie rodzaju\u00a0coffea. Ka\u017cda odmiana wymaga odpowiedniego klimatu, gleby i terenu uprawy. Kaw\u0119 arabik\u0119 uprawia si\u0119 na zboczach g\u00f3r i musi mie\u0107 r\u00f3wnomiern\u0105 temperatur\u0119. Drzewo liberyjskie najlepiej ro\u015bnie w klimacie tropikalnym, na terenach nizinnych, odporne jest na niewielkie wahania temperatury. Drzewko kawowe wymaga nas\u0142onecznienia, du\u017cej wilgotno\u015bci &#8230;<\/p>\n","protected":false},"author":1,"featured_media":0,"parent":2,"menu_order":0,"comment_status":"closed","ping_status":"closed","template":"template-full-width.php","meta":{"_mi_skip_tracking":false,"_exactmetrics_sitenote_active":false,"_exactmetrics_sitenote_note":"","_exactmetrics_sitenote_category":0},"aioseo_notices":[],"_links":{"self":[{"href":"http:\/\/pijalniakawy.pl\/index.php\/wp-json\/wp\/v2\/pages\/24"}],"collection":[{"href":"http:\/\/pijalniakawy.pl\/index.php\/wp-json\/wp\/v2\/pages"}],"about":[{"href":"http:\/\/pijalniakawy.pl\/index.php\/wp-json\/wp\/v2\/types\/page"}],"author":[{"embeddable":true,"href":"http:\/\/pijalniakawy.pl\/index.php\/wp-json\/wp\/v2\/users\/1"}],"replies":[{"embeddable":true,"href":"http:\/\/pijalniakawy.pl\/index.php\/wp-json\/wp\/v2\/comments?post=24"}],"version-history":[{"count":17,"href":"http:\/\/pijalniakawy.pl\/index.php\/wp-json\/wp\/v2\/pages\/24\/revisions"}],"predecessor-version":[{"id":1974,"href":"http:\/\/pijalniakawy.pl\/index.php\/wp-json\/wp\/v2\/pages\/24\/revisions\/1974"}],"up":[{"embeddable":true,"href":"http:\/\/pijalniakawy.pl\/index.php\/wp-json\/wp\/v2\/pages\/2"}],"wp:attachment":[{"href":"http:\/\/pijalniakawy.pl\/index.php\/wp-json\/wp\/v2\/media?parent=24"}],"curies":[{"name":"wp","href":"https:\/\/api.w.org\/{rel}","templated":true}]}}