{"id":355,"date":"2016-02-10T12:59:23","date_gmt":"2016-02-10T11:59:23","guid":{"rendered":"http:\/\/pijalniakawy.pl\/?page_id=355"},"modified":"2016-07-11T22:50:04","modified_gmt":"2016-07-11T20:50:04","slug":"slowniczek","status":"publish","type":"page","link":"http:\/\/pijalniakawy.pl\/index.php\/o_kawie\/slowniczek\/","title":{"rendered":"S\u0142owniczek"},"content":{"rendered":"<p style=\"text-align: justify;\">Ni\u017cej podany s\u0142owniczek u\u0142atwi Wam okre\u015blenie smaku kawy oraz rozszyfrowanie opis\u00f3w na opakowania.<\/p>\n<h3 style=\"text-align: justify;\">Okre\u015blenie naparu:<\/h3>\n<p style=\"text-align: justify;\"><strong>Kwasowo\u015b\u0107 (ang. <em>acidity<\/em>)<\/strong> &#8211; sumaryczna ilo\u015b\u0107 kwas\u00f3w organicznych (pH) zawartych w naparze, daj\u0105ca przyjemny posmak. Nie ma nic wsp\u00f3lnego z kwa\u015bnym smakiem kaw gorszych gatunk\u00f3w i kaw \u017ale upra\u017conych. Okre\u015blenia tego u\u017cywa si\u0119 r\u00f3wnie\u017c do podkre\u015blenia &#8220;zdrowotno\u015bci&#8221; kawowego naparu.<\/p>\n<p style=\"text-align: justify;\"><strong>Posmak (ang. <em>aftertaste<\/em>)<\/strong> &#8211; wra\u017cenie smakowe wyst\u0119puj\u0105ce po prze\u0142kni\u0119ciu \u015bwie\u017co zaparzonej kawy.<\/p>\n<p style=\"text-align: justify;\"><strong>Gorzka (ang. <em>bitter<\/em>)<\/strong> &#8211; smak wyczuwalny w tylej cz\u0119\u015bci j\u0119zyka. Gorzki smak jest spowodowany najcz\u0119\u015bciej zbyt mocnym pra\u017ceniem.<\/p>\n<p style=\"text-align: justify;\"><strong>\u0141agodny (ang. <em>bland<\/em>)<\/strong> &#8211; smak wyczuwalny na bokach j\u0119zyka i okre\u015blany przez pr\u00f3bowanie &#8211; od delikatnego do oboj\u0119tnego.<\/p>\n<p style=\"text-align: justify;\"><strong>Moc (ang. <em>body<\/em>)<\/strong> &#8211; po\u0142\u0105czenie smaku, posmaku, pewnej mocy, pe\u0142no\u015bci i charakterystycznego przyjemnego smaku.<\/p>\n<p style=\"text-align: justify;\"><strong>Bukiet (ang. <em>bouquet<\/em>)<\/strong> &#8211; suma zapach\u00f3w, smak\u00f3w i posmak\u00f3w wynikaj\u0105cych z wymieszania r\u00f3\u017cnych kaw.<\/p>\n<p style=\"text-align: justify;\"><strong>Karmelowy (ang. <em>caramelly<\/em>)<\/strong> &#8211; og\u00f3lny aromatyczny posmak przypominaj\u0105cy cukier kandyzowany lub syrop.<\/p>\n<p style=\"text-align: justify;\"><strong>W\u0119glowy (ang. <em>carbony<\/em>)<\/strong> -og\u00f3lny aromatyczny posmak wyst\u0119puj\u0105cy w mocno pra\u017conej kawie, przypominaj\u0105cy spalon\u0105 substancj\u0119 organiczn\u0105 &#8211; w\u0119giel drzewny.<\/p>\n<p style=\"text-align: justify;\"><strong>Czekoladowy (ang. <em>chocolaty<\/em>)<\/strong> &#8211; og\u00f3lny aromatyczny posmak przypominaj\u0105cy gorzk\u0105 czekolad\u0119 lub wanili\u0119.<\/p>\n<p style=\"text-align: justify;\"><strong>Martwa (ang. <em>dead<\/em>)<\/strong> &#8211; og\u00f3lne okre\u015blenie kawy pozbawionej smaku i zapachu (por\u00f3wnywalna do zwietrza\u0142ej).<\/p>\n<p style=\"text-align: justify;\"><strong>Subtelna (ang. <em>delicate<\/em>)<\/strong> &#8211; przyjemny, delikatny, subtelny smak odczuwalny ko\u0144cem j\u0119zyka.<\/p>\n<p style=\"text-align: justify;\"><strong>Brudna, za\u015bmiecona (ang. <em>dirty<\/em>)<\/strong> &#8211; smak zbli\u017cony do zgorzknia\u0142ego lub st\u0119ch\u0142ego &#8211; ziemistego.<\/p>\n<p style=\"text-align: justify;\"><strong>Ziemisty (ang. <em>earthy<\/em>)<\/strong> &#8211; por\u00f3wnywalny do brudnego, za\u015bmieconego.<\/p>\n<p style=\"text-align: justify;\"><strong>Zwietrza\u0142a (ang. <em>flat<\/em>)<\/strong> &#8211; nazwa u\u017cywana do okre\u015blenia kawy bez zapachu, smaku i posmaku.<\/p>\n<p style=\"text-align: justify;\"><strong>Smak+zapach (ang. <em>flavor<\/em>)<\/strong> &#8211; okre\u015blenie na rozpoznanie smaku i zapachu naparu kawy w ustach.<\/p>\n<p style=\"text-align: justify;\"><strong>Zapach (ang. <em>fragance<\/em>)<\/strong> &#8211; odczuwanie zapachu wdychanego przez nos.<\/p>\n<p style=\"text-align: justify;\"><strong>Owocowy, pikantny (ang. <em>fruity<\/em>)<\/strong> &#8211; swoisty zapach przypominaj\u0105cy owoce cytrusowe lub jagody.<\/p>\n<p style=\"text-align: justify;\"><strong>Trawiasty (ang. <em>grassy<\/em>)<\/strong> &#8211; okre\u015blenie u\u017cywane do opisania swoistego zapachu i\/lub smaku niekt\u00f3rych kaw przypominaj\u0105cych zapach \u015bwie\u017co skoszonej zielonej trawy.<\/p>\n<p style=\"text-align: justify;\"><strong>Cierpki (ang. <em>harsh<\/em>)<\/strong> &#8211; twardy, szorstki, wyra\u017anie gryz\u0105cy zapach i smak, czasami okre\u015blany jako &#8220;jadowity&#8221;.<\/p>\n<p style=\"text-align: justify;\"><strong>Zamar\u0142a (ang. <em>lifeless<\/em>)<\/strong> &#8211; por\u00f3wnywalne z cienk\u0105.<\/p>\n<p style=\"text-align: justify;\"><strong>Przyjemny (ang. <em>mellow<\/em>)<\/strong> &#8211; pe\u0142ny, \u0142agodny smak charakteryzuj\u0105cy si\u0119 brakiem cierpko\u015bci.<\/p>\n<p style=\"text-align: justify;\"><strong>Smak w ustach (ang. <em>mouthfeel<\/em>)<\/strong> &#8211; wyra\u017ane uczucie smaku kawy odczuwalne na podniebieniu.<\/p>\n<p style=\"text-align: justify;\"><strong>Mulisty, brudny (ang. <em>muddy<\/em>)<\/strong> &#8211; nieciekawy posmak powstaj\u0105cy po poruszeniu fus\u00f3w z kawy z\u0142ego gatunku.<\/p>\n<p style=\"text-align: justify;\"><strong>St\u0119ch\u0142y (ang. <em>musty<\/em>)<\/strong> &#8211; smak powstaj\u0105cy cz\u0119sto w wyniku z\u0142ego przechowywania, niedostatecznego wysuszenia zielonego ziarna i w rezultacie &#8220;starzenia si\u0119&#8221; przechowywanej kawy.<\/p>\n<p style=\"text-align: justify;\"><strong>Oboj\u0119tny (ang. <em>neutral<\/em>)<\/strong> &#8211; charakterystyczny smak po\u017c\u0105dany w dobrej mieszance. Nazwa stosowana do okre\u015blenia braku jakichkolwiek mocnych i dra\u017cni\u0105cych smak\u00f3w.<\/p>\n<p style=\"text-align: justify;\"><strong>Orzechowy (ang. <em>nutty<\/em>)<\/strong> &#8211; smak i zapach odczuwalne przy w\u0105chaniu \u015bwie\u017co zmielonej kawy, jak r\u00f3wnie\u017c w naparze po prze\u0142kni\u0119ciu, przypominaj\u0105ce pra\u017cone orzechy.<\/p>\n<p style=\"text-align: justify;\"><strong>Zasobna, bogata (ang. <em>rich<\/em>)<\/strong> &#8211; okre\u015blenie u\u017cywane do oznaczenia intensywnie wyst\u0119puj\u0105cych: smaku, zapachu i posmaku.<\/p>\n<p style=\"text-align: justify;\"><strong>Szorstka (ang. <em>rough<\/em>)<\/strong> &#8211; charakteryzuje si\u0119 ostrym, s\u0142onawym smakiem odczuwalnym na j\u0119zyku jako pieczenie.<\/p>\n<p style=\"text-align: justify;\"><strong>Gumowato\u015b\u0107 (ang. <em>rubbery<\/em>)<\/strong> &#8211; przyczyna gumowato\u015bci jest cz\u0119\u015bciowe zasuszenie owoc\u00f3w dojrzewaj\u0105cych na drzewie, daj\u0105cych ziarno podobne zapachem do spalonej gumy. Najcz\u0119\u015bciej spotykana posta\u0107 w procesie suchego przygotowania robusty. Tego zapachu<\/p>\n<p style=\"text-align: justify;\"><strong>Mi\u0119kka (ang. <em>soft<\/em>)<\/strong> &#8211; brak jakiegokolwiek odczucia ostro\u015bci na j\u0119zyku.<\/p>\n<p style=\"text-align: justify;\"><strong>Kwa\u015bna (ang. <em>sour<\/em>)<\/strong> &#8211; nazwa zwi\u0105zana z nadmiern\u0105 kwasowo\u015bci\u0105. Ostra, o gorzkim smaku,cz\u0119sto ze znaczn\u0105 ilo\u015bci\u0105 niedojrza\u0142ego ziarna.<\/p>\n<p style=\"text-align: justify;\"><strong>Pikantna, korzenna (ang. <em>spicy<\/em>)<\/strong> &#8211; smak i zapach przypominaj\u0105ce przyprawy korzenne.<\/p>\n<p style=\"text-align: justify;\"><strong>S\u0142odka (ang. <em>sweet<\/em>)<\/strong> &#8211; wolna od wszelkiej cierpko\u015bci.<\/p>\n<p style=\"text-align: justify;\"><strong>Ska\u017cona (ang. <em>taint<\/em>)<\/strong> &#8211; zmiany chemiczne wewn\u0119trzne i zewn\u0119trzne, zachodz\u0105ce w ziarnie z r\u00f3\u017cnych przyczyn, zmieniaj\u0105ce jego smak i zapach. R\u00f3wnie\u017c pozosta\u0142o\u015bci chemicznych \u015brodk\u00f3w ochrony ro\u015blin.<\/p>\n<p style=\"text-align: justify;\"><strong>Cienka (ang. <em>thin<\/em>)<\/strong> &#8211; staje si\u0119 taka podczas nieprawid\u0142owego podgrzewania ziarna (pra\u017cenia wst\u0119pnego), powoduj\u0105cego zmian\u0119 kwasowo\u015bci.<\/p>\n<p style=\"text-align: justify;\"><strong>Terpentynowy (ang. <em>turpeny<\/em>)<\/strong> &#8211; smak i zapach zbli\u017cony do terpentyny, zawsze wskazuj\u0105 na z\u0142\u0105 jako\u015b\u0107.<\/p>\n<p style=\"text-align: justify;\"><strong>Wodnista (ang. <em>watery<\/em>)<\/strong> &#8211; napar przyrz\u0105dzony ze zbyt ma\u0142ej ilo\u015bci kawy lub zaparzany wod\u0105 \u017ale przegotowan\u0105.<\/p>\n<p style=\"text-align: justify;\"><strong>Dzika (ang. <em>wild<\/em>)<\/strong> &#8211; pewien nietypowy smak wst\u0119puj\u0105cy cz\u0119sto w kawach etiopskich, zbieranych z dziko rosn\u0105cych drzew.<\/p>\n<p style=\"text-align: justify;\"><strong>Winny (ang. <em>winey<\/em>)<\/strong> &#8211; smak i zapach przypominaj\u0105cy zdrowe, dojrza\u0142e czerwone wino, charakterystyczne dla kawy pe\u0142nej mocy, lecz \u0142agodnej w smaku. Cz\u0119sto spotykane w kawach z gatunku arabica z Kenii i Jemenu.<\/p>\n<h3 style=\"text-align: justify;\">Najcz\u0119\u015bciej u\u017cywane nazwy i okre\u015blenia zwi\u0105zane z kaw\u0105:<\/h3>\n<p style=\"text-align: justify;\"><strong>AA<\/strong> &#8211; w urz\u0119dowych zapisach jako\u015bci i wielko\u015bci ziarna litery te oznaczaj\u0105 zazwyczaj najwy\u017csz\u0105 jako\u015b\u0107.<\/p>\n<p style=\"text-align: justify;\"><strong>ALTURA<\/strong> &#8211; w j\u0119zyku hiszpa\u0144skim znaczy &#8220;wznios\u0142o\u015b\u0107&#8221;. Oznakowanie meksyka\u0144skiej kawy uprawianej na p\u0142askowy\u017cu centralnym i w g\u00f3rach.<\/p>\n<p style=\"text-align: justify;\"><strong>AMERICAN ROAST<\/strong> &#8211; kawa pra\u017cona w stylu p\u00f3\u0142nocnoameryka\u0144skim na jasno-czekoladowy kolor.<\/p>\n<p style=\"text-align: justify;\"><strong>ANTIQUA<\/strong> &#8211; nazwa jednej z najlepszych kaw z gatunku arabica pochodz\u0105cych z Gwatemali.<\/p>\n<p style=\"text-align: justify;\"><strong>ARABICA, COFFEEA ARABICA<\/strong>\u00a0&#8211; nazwa botaniczna najwcze\u015bniej uprawianego gatunku kawy arabica. Obecnie uprawia si\u0119 ponad 80% odmian tego gatunku.<\/p>\n<p style=\"text-align: justify;\"><strong>AROMA<\/strong> &#8211; zapach kawy (pra\u017conej, mielonej, zaparzanej).<\/p>\n<p style=\"text-align: justify;\"><strong>BLEND<\/strong> &#8211; miesza\u0107. Tu mieszanka dw\u00f3ch lub wi\u0119cej gatunk\u00f3w lub odmian kawy wed\u0142ug okre\u015blonej receptury.<\/p>\n<p style=\"text-align: justify;\"><strong>BOGOTA<\/strong> &#8211; nazwa jednej z najlepszych kaw pochodz\u0105cej z Kolumbii.<\/p>\n<p style=\"text-align: justify;\"><strong>BOURBON<\/strong> &#8211; botaniczna odmiana <em>Coffea arabica<\/em>, kt\u00f3ra pierwsza pojawi\u0142a si\u0119 na wyspie Bourbon (obecnie Reunion). Troch\u0119 lepsza od kaw meksyka\u0144skich i brazylijskich.<\/p>\n<p style=\"text-align: justify;\"><strong>BRAZILIAN<\/strong> &#8211; kawa uprawiana w Brazylii, tania, przygotowana metod\u0105 &#8220;such\u0105&#8221;. Wsp\u00f3\u0142cze\u015bnie produkowana specjalnie do przygotowanych wielu ameryka\u0144skich handlowych mieszanek.<\/p>\n<p style=\"text-align: justify;\"><strong>BROWN ROAST<\/strong> &#8211; kawa pra\u017cona na br\u0105zowo, specjalnie dla konsument\u00f3w w Ameryce P\u00f3\u0142nocnej.<\/p>\n<p style=\"text-align: justify;\"><strong>CAFFEINE<\/strong> &#8211; kofeina: zwi\u0105zek chemiczny odpowiedzialny za pobudzaj\u0105ce dzia\u0142anie kawy i herbaty.<\/p>\n<p style=\"text-align: justify;\"><strong>CITY ROAST<\/strong> &#8211; kawa \u015bredniej mocy upra\u017cona wed\u0142ug p\u00f3\u0142nocnoameryka\u0144skiej normy na kolor czekoladowy.<\/p>\n<p style=\"text-align: justify;\"><strong>DARK FRENCH ROAST<\/strong> &#8211; mocno pra\u017cona, prawie na czarno, kawa w stylu francuskim.<\/p>\n<p style=\"text-align: justify;\"><strong>DARK ROAST<\/strong> &#8211; kawa upra\u017cona bardzo mocno na ciemnobr\u0105zowy kolor wed\u0142ug normy p\u00f3\u0142nocnoameryka\u0144skiej.<\/p>\n<p style=\"text-align: justify;\"><strong>DJIMMAH<\/strong> &#8211; nazwa kawy arabica zbieranej w Etiopii z drzew dziko rosn\u0105cych; gorsza ni\u017c uprawiana na plantacjach w prowincji Harrar.<\/p>\n<p style=\"text-align: justify;\"><strong>ESPRESSO<\/strong> &#8211; spos\u00f3b pra\u017cenia na bardzo ciemny kolor &#8211; prawie czarny &#8211; a\u017c do wyst\u0105pienia oleju na powierzchni ziarna. R\u00f3wnie\u017c spos\u00f3b zaparzania bardzo mocnej kawy z mleczn\u0105 piank\u0105 (crema).<\/p>\n<p style=\"text-align: justify;\"><strong>ETHIOPIAN<\/strong> &#8211; odmiany kawy arabica, uprawianej na plantacjach po\u0142o\u017conych na prowincji Harrar w Etiopii.<\/p>\n<p style=\"text-align: justify;\"><strong>EXCELSO<\/strong> &#8211; okre\u015blenie najwy\u017cszego stopnia jako\u015bci kaw kolumbijskich.<\/p>\n<p style=\"text-align: justify;\"><strong>FRENCH ROAST, FULL\u00a0CITY ROAST<\/strong> &#8211; kawa pra\u017cona w stylu francuskim na ciemnobr\u0105zowy kolor, czasem prawie czarny, o gorzkos\u0142odkawym posmaku.<\/p>\n<p style=\"text-align: justify;\"><strong>FULL CITY<\/strong> &#8211; do tego typu pra\u017cenia u\u017cywa si\u0119 ziarna drobnego i pra\u017cy je na ciemnobr\u0105zowy kolor, a\u017c do cz\u0119\u015bciowego wyst\u0105pienia oleju na powierzchni ziarna.<\/p>\n<p style=\"text-align: justify;\"><strong>GUATEMALAN<\/strong> &#8211; og\u00f3lna nazwa kaw pochodz\u0105cych z Gwatemali.<\/p>\n<p style=\"text-align: justify;\"><strong>INKA<\/strong> &#8211; odmiana kawy arabica, uprawiana w Peru.<\/p>\n<p style=\"text-align: justify;\"><strong>INSTANT COFFEE<\/strong> &#8211; najbardziej rozpowszechniona nazwa kawy rozpuszczalnej do szybkiego zaparzania. Otrzymywania metod\u0105 szybkiego odparowania koncentratu \u015bwie\u017co zaparzonej kawy.<\/p>\n<p style=\"text-align: justify;\"><strong>KENYA<\/strong> &#8211; og\u00f3lna nazwa kaw pochodz\u0105cych z Kenii. Najlepsza kawa kenijska oznakowana jest symbolem AA.<\/p>\n<p style=\"text-align: justify;\"><strong>KONA<\/strong> &#8211; nazwa odmiany kawy arabica uprawianej na po\u0142udniowo-zachodnim wybrze\u017cu wyspy Kona na Hawajach.<\/p>\n<p style=\"text-align: justify;\"><strong>LIGHT ROAST<\/strong> &#8211; bardzo s\u0142abo pra\u017cona kawa wed\u0142ug normy p\u00f3\u0142nocnoameryka\u0144skiej.<\/p>\n<p style=\"text-align: justify;\"><strong>MARAGOGYPE<\/strong> &#8211; odmiana kawy arabica uprawianej w Brazylii wstanie Bahia. Charakteryzuje si\u0119 bardzo du\u017cym ziarnem. Zajmuje najwi\u0119ksze obszary. R\u00f3wnie\u017c og\u00f3lnie stosowana nazwa dla kaw o d\u0142ugim ziarnie.<\/p>\n<p style=\"text-align: justify;\"><strong>MATAGALPA<\/strong> &#8211; nazwa z jednej z dobrych odmian kawy arabica pochodz\u0105cej z Nikaragui.<\/p>\n<p style=\"text-align: justify;\"><strong>MEDIUM ROAST<\/strong> &#8211; kawa pra\u017cona na kolor br\u0105zowy wed\u0142ug normy p\u00f3\u0142nocnoameryka\u0144skiej.<\/p>\n<p style=\"text-align: justify;\"><strong>MILD<\/strong> &#8211; okre\u015blenie wysokiej klasy jako\u015bci kawy arabica, delikatnej i \u0142agodnej.<\/p>\n<p style=\"text-align: justify;\"><strong>MOCHA<\/strong> &#8211; kawa odmiany arabica pochodz\u0105ca z po\u0142udniowo-zachodniego cypla P\u00f3\u0142wyspu Arabskiego, zw\u0142aszcza z Jemenu. Tak\u017ce nazwa napoju z kawy i czekolady.<\/p>\n<p style=\"text-align: justify;\"><strong>PEABERRY<\/strong> &#8211; ma\u0142e, okr\u0105g\u0142awe ziarenka wyst\u0119puj\u0105ce po jednym w sercu kawowej wi\u015bni. Owoce takie zawi\u0105zuj\u0105 si\u0119 zazwyczaj na ko\u0144cach ga\u0142\u0105zek.<\/p>\n<p style=\"text-align: justify;\"><strong>ROBUSTA, <em>COFFEA ROBUSTA<\/em><\/strong>\u00a0&#8211; nazwa botaniczna gatunku. G\u0142\u00f3wny konkurent\u00a0<em>Coffea arabica<\/em>. Robusta jest gorszej jako\u015bci, ale bardziej odporna na szkodniki i choroby, kt\u00f3rym \u0142atwo ulega\u00a0<em>Coffea arabica<\/em>. Robusta jest powszechnie u\u017cywana do produkcji kaw rozpuszczalnych i jako wype\u0142niacz do niekt\u00f3rych mielonych.<\/p>\n<p style=\"text-align: justify;\"><strong>SANTOS<\/strong> &#8211; odmiana kawy arabica uprawianej w po\u0142udniowej Brazylii. Nazwa g\u0142\u00f3wnego portu eksportuj\u0105cego kaw\u0119.<\/p>\n<p style=\"text-align: justify;\"><strong>SIDAMO<\/strong> &#8211; odmiana kawy arabica pochodz\u0105cej z centralnej Etiopii. Jako\u015bciowo gorsza od kawy z prowincji Harrar.<\/p>\n<p style=\"text-align: justify;\"><strong>TARRAZU<\/strong> &#8211; jedna z najlepszych i najlepiej znana odmiana kawy arabica, uprawiana w Kostaryce.<\/p>\n<p style=\"text-align: justify;\"><strong>WHOLE BEAN<\/strong> &#8211; nazwa ziarna kawowego na wp\u00f3\u0142 upra\u017conego.<\/p>\n<p style=\"text-align: justify;\"><em>\u017br\u00f3d\u0142o: &#8220;Kawa. Legenda, historia,anegdota. Receptariusz&#8221; Leszek Rum, Wydawnictwo W KOLORACH T\u0118CZY, Wroc\u0142aw 1996<\/em><\/p>\n<p style=\"text-align: justify;\"><a href=\"http:\/\/pijalniakawy.pl\/index.php\/o_kawie\/\">\u2190 powr\u00f3t<\/a><\/p>\n","protected":false},"excerpt":{"rendered":"<p>Ni\u017cej podany s\u0142owniczek u\u0142atwi Wam okre\u015blenie smaku kawy oraz rozszyfrowanie opis\u00f3w na opakowania. Okre\u015blenie naparu: Kwasowo\u015b\u0107 (ang. acidity) &#8211; sumaryczna ilo\u015b\u0107 kwas\u00f3w organicznych (pH) zawartych w naparze, daj\u0105ca przyjemny posmak. Nie ma nic wsp\u00f3lnego z kwa\u015bnym smakiem kaw gorszych gatunk\u00f3w i kaw \u017ale upra\u017conych. Okre\u015blenia tego u\u017cywa si\u0119 r\u00f3wnie\u017c do &#8230;<\/p>\n","protected":false},"author":1,"featured_media":0,"parent":2,"menu_order":0,"comment_status":"closed","ping_status":"closed","template":"","meta":{"_mi_skip_tracking":false,"_exactmetrics_sitenote_active":false,"_exactmetrics_sitenote_note":"","_exactmetrics_sitenote_category":0},"aioseo_notices":[],"_links":{"self":[{"href":"http:\/\/pijalniakawy.pl\/index.php\/wp-json\/wp\/v2\/pages\/355"}],"collection":[{"href":"http:\/\/pijalniakawy.pl\/index.php\/wp-json\/wp\/v2\/pages"}],"about":[{"href":"http:\/\/pijalniakawy.pl\/index.php\/wp-json\/wp\/v2\/types\/page"}],"author":[{"embeddable":true,"href":"http:\/\/pijalniakawy.pl\/index.php\/wp-json\/wp\/v2\/users\/1"}],"replies":[{"embeddable":true,"href":"http:\/\/pijalniakawy.pl\/index.php\/wp-json\/wp\/v2\/comments?post=355"}],"version-history":[{"count":19,"href":"http:\/\/pijalniakawy.pl\/index.php\/wp-json\/wp\/v2\/pages\/355\/revisions"}],"predecessor-version":[{"id":1366,"href":"http:\/\/pijalniakawy.pl\/index.php\/wp-json\/wp\/v2\/pages\/355\/revisions\/1366"}],"up":[{"embeddable":true,"href":"http:\/\/pijalniakawy.pl\/index.php\/wp-json\/wp\/v2\/pages\/2"}],"wp:attachment":[{"href":"http:\/\/pijalniakawy.pl\/index.php\/wp-json\/wp\/v2\/media?parent=355"}],"curies":[{"name":"wp","href":"https:\/\/api.w.org\/{rel}","templated":true}]}}